{"id":194,"date":"2019-01-28T11:07:05","date_gmt":"2019-01-28T10:07:05","guid":{"rendered":"http:\/\/www.shna.law\/?page_id=194"},"modified":"2023-01-13T12:41:58","modified_gmt":"2023-01-13T11:41:58","slug":"datenschutzerklaerung","status":"publish","type":"page","link":"https:\/\/shna.law\/de\/datenschutzerklaerung\/","title":{"rendered":"DATENSCHUTZERKL\u00c4RUNG"},"content":{"rendered":"<div id='av-layout-grid-1'  class='av-layout-grid-container av-jmlqfz0z-ba971145be568df0866d8432c28384c6 entry-content-wrapper main_color av-flex-cells  avia-builder-el-0  el_before_av_section  avia-builder-el-first   container_wrap sidebar_right'  >\n\n<style type=\"text\/css\" data-created_by=\"avia_inline_auto\" id=\"style-css-av-jmlqg6zu-58752bb82edd75a8cbb7fc92f2c94cbd\">\n.flex_cell.av-jmlqg6zu-58752bb82edd75a8cbb7fc92f2c94cbd{\nvertical-align:top;\nheight:3px;\nmin-height:3px;\nbackground-color:#004471;\n}\n.responsive #top #wrap_all .flex_cell.av-jmlqg6zu-58752bb82edd75a8cbb7fc92f2c94cbd{\npadding:0px 0px 0px 0px !important;\n}\n<\/style>\n<div class='flex_cell av-jmlqg6zu-58752bb82edd75a8cbb7fc92f2c94cbd av-gridrow-cell av_one_full no_margin  avia-builder-el-1  avia-builder-el-no-sibling  content-align-top av-zero-padding'  ><div class='flex_cell_inner'><\/div><\/div>\n<\/div>\n\n<style type=\"text\/css\" data-created_by=\"avia_inline_auto\" id=\"style-css-av-jmm7ouqv-cf3873f3a8d9550217cf8f06c1fce7b2\">\n.avia-section.av-jmm7ouqv-cf3873f3a8d9550217cf8f06c1fce7b2{\nbackground-repeat:no-repeat;\nbackground-image:url(https:\/\/shna.law\/wp-content\/uploads\/2019\/01\/mentions.jpg);\nbackground-position:50% 100%;\nbackground-attachment:fixed;\n}\n.avia-section.av-jmm7ouqv-cf3873f3a8d9550217cf8f06c1fce7b2 .av-section-color-overlay{\nopacity:0.6;\nbackground-color:#ffffff;\n}\n<\/style>\n<div id='section-content-bottom'  class='avia-section av-jmm7ouqv-cf3873f3a8d9550217cf8f06c1fce7b2 main_color avia-section-no-padding avia-no-border-styling  avia-builder-el-2  el_after_av_layout_row  el_before_av_one_full  avia-full-stretch avia-bg-style-fixed av-section-color-overlay-active av-minimum-height av-minimum-height-custom av-height-custom  container_wrap sidebar_right'  data-section-bg-repeat='stretch' data-av_minimum_height_px='350'><div class=\"av-section-color-overlay-wrap\"><div class=\"av-section-color-overlay\"><\/div><div class='container av-section-cont-open' style='height:350px'><div class='template-page content  av-content-small alpha units'><div class='post-entry post-entry-type-page post-entry-194'><div class='entry-content-wrapper clearfix'>\n\n<style type=\"text\/css\" data-created_by=\"avia_inline_auto\" id=\"style-css-av-banqw-24c606baf68d87e75aa8b0f02b011ba8\">\n.flex_column.av-banqw-24c606baf68d87e75aa8b0f02b011ba8{\nborder-radius:0px 0px 0px 0px;\npadding:0px 0px 0px 0px;\n}\n<\/style>\n<div  class='flex_column av-banqw-24c606baf68d87e75aa8b0f02b011ba8 av_one_full  avia-builder-el-3  avia-builder-el-no-sibling  first flex_column_div av-zero-column-padding  '     ><style type=\"text\/css\" data-created_by=\"avia_inline_auto\" id=\"style-css-av-jrg64m4d-0bff2f76505f0e0dd8edac34fe5d148f\">\n#top .av-special-heading.av-jrg64m4d-0bff2f76505f0e0dd8edac34fe5d148f{\npadding-bottom:10px;\nfont-size:60px;\n}\nbody .av-special-heading.av-jrg64m4d-0bff2f76505f0e0dd8edac34fe5d148f .av-special-heading-tag .heading-char{\nfont-size:25px;\n}\n#top #wrap_all .av-special-heading.av-jrg64m4d-0bff2f76505f0e0dd8edac34fe5d148f .av-special-heading-tag{\nfont-size:60px;\n}\n.av-special-heading.av-jrg64m4d-0bff2f76505f0e0dd8edac34fe5d148f .av-subheading{\nfont-size:15px;\n}\n\n@media only screen and (min-width: 480px) and (max-width: 767px){ \n#top #wrap_all .av-special-heading.av-jrg64m4d-0bff2f76505f0e0dd8edac34fe5d148f .av-special-heading-tag{\nfont-size:35px;\n}\n}\n\n@media only screen and (max-width: 479px){ \n#top #wrap_all .av-special-heading.av-jrg64m4d-0bff2f76505f0e0dd8edac34fe5d148f .av-special-heading-tag{\nfont-size:30px;\n}\n}\n<\/style>\n<div  class='av-special-heading av-jrg64m4d-0bff2f76505f0e0dd8edac34fe5d148f av-special-heading-h1 blockquote modern-quote  avia-builder-el-4  avia-builder-el-no-sibling  av-inherit-size'><h1 class='av-special-heading-tag '  itemprop=\"headline\"  >DATENSCHUTZERKL\u00c4RUNG<\/h1><div class=\"special-heading-border\"><div class=\"special-heading-inner-border\"><\/div><\/div><\/div><\/div>\n<\/div><\/div><\/div><!-- close content main div --><\/div><\/div><\/div><div id='after_section_1'  class='main_color av_default_container_wrap container_wrap sidebar_right'  ><div class='container av-section-cont-open' ><div class='template-page content  av-content-small alpha units'><div class='post-entry post-entry-type-page post-entry-194'><div class='entry-content-wrapper clearfix'>\n\n<style type=\"text\/css\" data-created_by=\"avia_inline_auto\" id=\"style-css-av-gyn-1796746fef40ecf7d3d15788eb04f1c4\">\n.flex_column.av-gyn-1796746fef40ecf7d3d15788eb04f1c4{\nborder-radius:0px 0px 0px 0px;\npadding:0px 0px 0px 0px;\n}\n<\/style>\n<div  class='flex_column av-gyn-1796746fef40ecf7d3d15788eb04f1c4 av_one_full  avia-builder-el-5  el_after_av_section  avia-builder-el-no-sibling  first flex_column_div av-zero-column-padding  '     ><section  class='av_textblock_section av-jnondos2-8256ff1ebe34554319a19b317b548dd0 '   itemscope=\"itemscope\" itemtype=\"https:\/\/schema.org\/CreativeWork\" ><div class='avia_textblock'  itemprop=\"text\" ><p>Diese<strong> Datenschutzerkl\u00e4rung <\/strong>richtet sich an die Nutzer der Website shna.law.<\/p>\n<p>Herausgeber der Website ist die Kanzlei SZLEPER HENRY NAUMANN AVOCATS, Anwaltssoziet\u00e4t mit individueller Haftung, SIRET Nr. 790 936 553 00011, Sitz: 23, Avenue Bosquet, 75007 PARIS.<\/p>\n<p>Der Schutz der Privatsph\u00e4re und der personenbezogenen Daten geh\u00f6rt zu den Hauptanliegen der Kanzlei. In dieser Datenschutzerkl\u00e4rung wird die im Rahmen dieser Website erfolgende Verarbeitung personenbezogener Daten erl\u00e4utert.<\/p>\n<p>Die Kanzlei verpflichtet sich zur Einhaltung folgender Grunds\u00e4tze:<\/p>\n<p>Erhoben werden nur Daten, die f\u00fcr den jeweiligen Zweck unbedingt erforderlich sind.<\/p>\n<p>Sie bleiben Herr Ihrer personenbezogenen Daten.<\/p>\n<p>Ihre Daten werden transparent, vertraulich und sicher verarbeitet.<\/p>\n<p><strong>RECHTSGRUNDLAGE<\/strong><\/p>\n<p>Die Verarbeitung personenbezogener Daten erfolgt gem\u00e4\u00df:<\/p>\n<ul>\n<li>Datenschutzgesetz Nr. 78-17 vom 6. Januar 1978 (im Folgenden \u201eIEL\u201d)<\/li>\n<li>Verordnung (EU) 2016\/679 des Europ\u00e4ischen Parlaments und des Rates vom 27. April 2016, die am 25. Mai 2018 in Kraft getreten ist (im Folgenden \u201eDSGVO\u201d).<\/li>\n<\/ul>\n<p><strong>\u00a0<\/strong><\/p>\n<p><strong>ZWECK DER DATENVERARBEITUNG<\/strong><\/p>\n<p>Zweck der Verarbeitung ist die Verwaltung des auf der Website zur Verf\u00fcgung gestellten Kontaktformulars. Die Verarbeitung erm\u00f6glicht es der Kanzlei, die Anfragen der Nutzer der Website zu beantworten.<\/p>\n<p><strong>VERARBEITETE DATEN<\/strong><\/p>\n<p>Wird das auf der Website zur Verf\u00fcgung gestellte Kontaktformular ausgef\u00fcllt, erh\u00e4lt die Kanzlei den Namen und die E-Mail-Adresse, gegebenenfalls die Telefonnummer des Kontakt aufnehmenden Nutzers.<\/p>\n<p>Die auf diese Weise erhaltenen Informationen werden zur Erledigung der Anfrage verarbeitet: Auskunftserteilung, Terminvereinbarung, \u00dcbermittlung eines Angebots.<\/p>\n<p>Diese Daten werden nicht zu kommerziellen Zwecken verwendet.<\/p>\n<p><strong>EMPF\u00c4NGER DER DATEN<\/strong><\/p>\n<p>Zu den Daten der Nutzer haben nur die Mitglieder der Kanzlei Zugang.<\/p>\n<p><strong>DATENSPEICHERFRIST<\/strong><\/p>\n<p>Die Kanzlei verpflichtet sich, die erhobenen Daten in einer Form zu speichern, die die Identifizierung des Nutzers nur so lange erm\u00f6glicht, wie es f\u00fcr die Zwecke, f\u00fcr die diese Daten erhoben und verarbeitet werden, erforderlich ist.<\/p>\n<p>Die Verarbeitung der Daten ist jedoch zum Nachweis eines Rechts oder eines Vertrags m\u00f6glich. Die Daten k\u00f6nnen auch zur Erf\u00fcllung gesetzlicher Pflichten oder nach Ma\u00dfgabe der geltenden Verordnungen und Gesetze in Dateien gespeichert werden.<\/p>\n<p>Abweichend davon werden die Identifizierungsdaten des Nutzers von der Kanzlei 3 Jahre ab dem letzten Kontakt mit dem Nutzer gespeichert. Zur Verwaltung und Betreuung der Kunden werden die Daten 3 Jahre ab Beendigung der Gesch\u00e4ftsbeziehung gespeichert, wenn der Nutzer Kunde ist. Dar\u00fcber hinaus werden die Daten archiviert, solange der Rechtsanwalt haftbar gemacht werden kann.<\/p>\n<p><strong>IHRE RECHTE<\/strong><\/p>\n<p>Gem\u00e4\u00df Datenschutzgesetz und DSGVO verf\u00fcgen Sie \u00fcber folgende Rechte:<\/p>\n<ul>\n<li>Recht auf Auskunft (Artikel 15 DSGVO), Berichtigung (Artikel 16 DSGVO), Aktualisierung und Erg\u00e4nzung Ihrer Daten,<\/li>\n<li>Recht auf Sperrung oder L\u00f6schung Ihrer personenbezogenen Daten (Artikel 17 DSGVO), wenn sie unrichtig, unvollst\u00e4ndig, unklar oder nicht mehr aktuell sind oder wenn ihre Erhebung, Verwendung, \u00dcbermittlung oder Speicherung unzul\u00e4ssig ist,<\/li>\n<li>Recht, Ihre Einwilligung jederzeit zu widerrufen (Artikel 13-2c DSGVO),<\/li>\n<li>Recht auf Einschr\u00e4nkung der Verarbeitung Ihrer Daten (Artikel 18 DSGVO),<\/li>\n<li>Recht auf Widerspruch gegen die Verarbeitung Ihrer Daten (Artikel 21 DSGVO),<\/li>\n<li>Recht auf \u00dcbertragbarkeit der von Ihnen bereitgestellten Daten, wenn sie mithilfe automatisierter Verfahren verarbeitet werden, die auf Ihrer Einwilligung oder auf einem Vertrag beruhen (Artikel 20 DSGVO),<\/li>\n<li>Recht auf Beschwerde bei der Datenschutzbeh\u00f6rde CNIL (Artikel 77 DSGVO),<\/li>\n<li>Recht, mitzuteilen, was mit Ihren Daten nach Ihrem Tod geschehen soll, und uns anzuweisen, sie einem von Ihnen benannten Dritten zu \u00fcbermitteln (oder nicht). Im Todesfall verpflichten wir uns, Ihre Daten zu vernichten, sofern Sie uns keine anderen Weisungen erteilten, es sei denn, ihre Speicherung ist zu Beweiszwecken oder zur Erf\u00fcllung gesetzlicher Pflichten erforderlich.<\/li>\n<\/ul>\n<p>Die vorgenannten Rechte k\u00f6nnen Sie unter Angabe Ihrer Kontaktdaten (Name, Vorname, Anschrift) und Zusendung einer Kopie eines unterschriebenen Personalausweises per E-Mail an cabinet@shna.law oder auf dem Postweg an SZLEPER HENRY NAUMANN AVOCATS &#8211; 23, Avenue Bosquet, 75007 PARIS &#8211; wahrnehmen. Sofern gesetzlich vorgeschrieben (insbesondere bei einem Widerspruch gegen die Verarbeitung), muss auch ein berechtigter Grund mitgeteilt werden.<\/p>\n<p>Weitere Ausk\u00fcnfte \u00fcber die Ihnen zustehenden Rechte erhalten Sie bei der franz\u00f6sischen Datenschutzbeh\u00f6rde unter\u00a0<a href=\"http:\/\/cnil.fr\/\">http:\/\/cnil.fr<\/a>.<\/p>\n<\/div><\/section><\/div>\n","protected":false},"excerpt":{"rendered":"","protected":false},"author":1,"featured_media":0,"parent":0,"menu_order":0,"comment_status":"closed","ping_status":"open","template":"","meta":{"footnotes":""},"class_list":["post-194","page","type-page","status-publish","hentry"],"yoast_head":"<!-- This site is optimized with the Yoast SEO plugin v27.4 - https:\/\/yoast.com\/product\/yoast-seo-wordpress\/ -->\n<title>DATENSCHUTZERKL\u00c4RUNG - SZLEPER | HENRY | NAUMANN Avocats<\/title>\n<meta name=\"robots\" content=\"index, follow, max-snippet:-1, max-image-preview:large, max-video-preview:-1\" \/>\n<link rel=\"canonical\" href=\"https:\/\/shna.law\/de\/datenschutzerklaerung\/\" \/>\n<script type=\"application\/ld+json\" class=\"yoast-schema-graph\">{\"@context\":\"https:\\\/\\\/schema.org\",\"@graph\":[{\"@type\":\"WebPage\",\"@id\":\"https:\\\/\\\/shna.law\\\/de\\\/datenschutzerklaerung\\\/\",\"url\":\"https:\\\/\\\/shna.law\\\/de\\\/datenschutzerklaerung\\\/\",\"name\":\"DATENSCHUTZERKL\u00c4RUNG - SZLEPER | HENRY | NAUMANN Avocats\",\"isPartOf\":{\"@id\":\"https:\\\/\\\/shna.law\\\/#website\"},\"datePublished\":\"2019-01-28T10:07:05+00:00\",\"dateModified\":\"2023-01-13T11:41:58+00:00\",\"inLanguage\":\"de\",\"potentialAction\":[{\"@type\":\"ReadAction\",\"target\":[\"https:\\\/\\\/shna.law\\\/de\\\/datenschutzerklaerung\\\/\"]}]},{\"@type\":\"WebSite\",\"@id\":\"https:\\\/\\\/shna.law\\\/#website\",\"url\":\"https:\\\/\\\/shna.law\\\/\",\"name\":\"SZLEPER | HENRY | NAUMANN Avocats\",\"description\":\"Propri\u00e9t\u00e9 industrielle et intellectuelle\",\"publisher\":{\"@id\":\"https:\\\/\\\/shna.law\\\/#organization\"},\"potentialAction\":[{\"@type\":\"SearchAction\",\"target\":{\"@type\":\"EntryPoint\",\"urlTemplate\":\"https:\\\/\\\/shna.law\\\/?s={search_term_string}\"},\"query-input\":{\"@type\":\"PropertyValueSpecification\",\"valueRequired\":true,\"valueName\":\"search_term_string\"}}],\"inLanguage\":\"de\"},{\"@type\":\"Organization\",\"@id\":\"https:\\\/\\\/shna.law\\\/#organization\",\"name\":\"SZLEPER | HENRY | NAUMANN Avocats\",\"url\":\"https:\\\/\\\/shna.law\\\/\",\"logo\":{\"@type\":\"ImageObject\",\"inLanguage\":\"de\",\"@id\":\"https:\\\/\\\/shna.law\\\/#\\\/schema\\\/logo\\\/image\\\/\",\"url\":\"https:\\\/\\\/shna.law\\\/wp-content\\\/uploads\\\/2023\\\/02\\\/SZLEPER-HENRY-NAUMANN-AVOCATS-1.png\",\"contentUrl\":\"https:\\\/\\\/shna.law\\\/wp-content\\\/uploads\\\/2023\\\/02\\\/SZLEPER-HENRY-NAUMANN-AVOCATS-1.png\",\"width\":350,\"height\":350,\"caption\":\"SZLEPER | HENRY | NAUMANN Avocats\"},\"image\":{\"@id\":\"https:\\\/\\\/shna.law\\\/#\\\/schema\\\/logo\\\/image\\\/\"}}]}<\/script>\n<!-- \/ Yoast SEO plugin. -->","yoast_head_json":{"title":"DATENSCHUTZERKL\u00c4RUNG - SZLEPER | HENRY | NAUMANN Avocats","robots":{"index":"index","follow":"follow","max-snippet":"max-snippet:-1","max-image-preview":"max-image-preview:large","max-video-preview":"max-video-preview:-1"},"canonical":"https:\/\/shna.law\/de\/datenschutzerklaerung\/","schema":{"@context":"https:\/\/schema.org","@graph":[{"@type":"WebPage","@id":"https:\/\/shna.law\/de\/datenschutzerklaerung\/","url":"https:\/\/shna.law\/de\/datenschutzerklaerung\/","name":"DATENSCHUTZERKL\u00c4RUNG - SZLEPER | HENRY | NAUMANN Avocats","isPartOf":{"@id":"https:\/\/shna.law\/#website"},"datePublished":"2019-01-28T10:07:05+00:00","dateModified":"2023-01-13T11:41:58+00:00","inLanguage":"de","potentialAction":[{"@type":"ReadAction","target":["https:\/\/shna.law\/de\/datenschutzerklaerung\/"]}]},{"@type":"WebSite","@id":"https:\/\/shna.law\/#website","url":"https:\/\/shna.law\/","name":"SZLEPER | HENRY | NAUMANN Avocats","description":"Propri\u00e9t\u00e9 industrielle et intellectuelle","publisher":{"@id":"https:\/\/shna.law\/#organization"},"potentialAction":[{"@type":"SearchAction","target":{"@type":"EntryPoint","urlTemplate":"https:\/\/shna.law\/?s={search_term_string}"},"query-input":{"@type":"PropertyValueSpecification","valueRequired":true,"valueName":"search_term_string"}}],"inLanguage":"de"},{"@type":"Organization","@id":"https:\/\/shna.law\/#organization","name":"SZLEPER | HENRY | NAUMANN Avocats","url":"https:\/\/shna.law\/","logo":{"@type":"ImageObject","inLanguage":"de","@id":"https:\/\/shna.law\/#\/schema\/logo\/image\/","url":"https:\/\/shna.law\/wp-content\/uploads\/2023\/02\/SZLEPER-HENRY-NAUMANN-AVOCATS-1.png","contentUrl":"https:\/\/shna.law\/wp-content\/uploads\/2023\/02\/SZLEPER-HENRY-NAUMANN-AVOCATS-1.png","width":350,"height":350,"caption":"SZLEPER | HENRY | NAUMANN Avocats"},"image":{"@id":"https:\/\/shna.law\/#\/schema\/logo\/image\/"}}]}},"_links":{"self":[{"href":"https:\/\/shna.law\/de\/wp-json\/wp\/v2\/pages\/194","targetHints":{"allow":["GET"]}}],"collection":[{"href":"https:\/\/shna.law\/de\/wp-json\/wp\/v2\/pages"}],"about":[{"href":"https:\/\/shna.law\/de\/wp-json\/wp\/v2\/types\/page"}],"author":[{"embeddable":true,"href":"https:\/\/shna.law\/de\/wp-json\/wp\/v2\/users\/1"}],"replies":[{"embeddable":true,"href":"https:\/\/shna.law\/de\/wp-json\/wp\/v2\/comments?post=194"}],"version-history":[{"count":0,"href":"https:\/\/shna.law\/de\/wp-json\/wp\/v2\/pages\/194\/revisions"}],"wp:attachment":[{"href":"https:\/\/shna.law\/de\/wp-json\/wp\/v2\/media?parent=194"}],"curies":[{"name":"wp","href":"https:\/\/api.w.org\/{rel}","templated":true}]}}