{"id":149,"date":"2019-01-28T10:18:46","date_gmt":"2019-01-28T09:18:46","guid":{"rendered":"http:\/\/www.shna.law\/?page_id=149"},"modified":"2024-10-09T14:44:18","modified_gmt":"2024-10-09T12:44:18","slug":"kontakt","status":"publish","type":"page","link":"https:\/\/shna.law\/de\/kontakt\/","title":{"rendered":"KONTAKT"},"content":{"rendered":"<div id='av-layout-grid-1'  class='av-layout-grid-container av-jmlqfz0z-ba971145be568df0866d8432c28384c6 entry-content-wrapper main_color av-flex-cells  avia-builder-el-0  el_before_av_section  avia-builder-el-first   container_wrap sidebar_right'  >\n\n<style type=\"text\/css\" data-created_by=\"avia_inline_auto\" id=\"style-css-av-jmlqg6zu-58752bb82edd75a8cbb7fc92f2c94cbd\">\n.flex_cell.av-jmlqg6zu-58752bb82edd75a8cbb7fc92f2c94cbd{\nvertical-align:top;\nheight:3px;\nmin-height:3px;\nbackground-color:#004471;\n}\n.responsive #top #wrap_all .flex_cell.av-jmlqg6zu-58752bb82edd75a8cbb7fc92f2c94cbd{\npadding:0px 0px 0px 0px !important;\n}\n<\/style>\n<div class='flex_cell av-jmlqg6zu-58752bb82edd75a8cbb7fc92f2c94cbd av-gridrow-cell av_one_full no_margin  avia-builder-el-1  avia-builder-el-no-sibling  content-align-top av-zero-padding'  ><div class='flex_cell_inner'><\/div><\/div>\n<\/div>\n\n<style type=\"text\/css\" data-created_by=\"avia_inline_auto\" id=\"style-css-av-m21v35fu-5b496bbbd6c4171b5762312db8ef6938\">\n.avia-section.av-m21v35fu-5b496bbbd6c4171b5762312db8ef6938{\nbackground-repeat:no-repeat;\nbackground-image:url(https:\/\/shna.law\/wp-content\/uploads\/2024\/10\/plan-cabinet.webp);\nbackground-position:50% 50%;\nbackground-attachment:scroll;\n}\n.avia-section.av-m21v35fu-5b496bbbd6c4171b5762312db8ef6938 .av-section-color-overlay{\nopacity:0.2;\nbackground-color:#7bb0e7;\n}\n<\/style>\n<div id='av_section_1'  class='avia-section av-m21v35fu-5b496bbbd6c4171b5762312db8ef6938 main_color avia-section-default avia-no-border-styling  avia-builder-el-2  el_after_av_layout_row  el_before_av_layout_row  avia-full-stretch avia-bg-style-scroll av-section-color-overlay-active av-minimum-height av-minimum-height-custom av-height-custom  container_wrap sidebar_right'  data-section-bg-repeat='stretch' data-av_minimum_height_px='350'><div class=\"av-section-color-overlay-wrap\"><div class=\"av-section-color-overlay\"><\/div><div class='container av-section-cont-open' style='height:350px'><div class='template-page content  av-content-small alpha units'><div class='post-entry post-entry-type-page post-entry-149'><div class='entry-content-wrapper clearfix'>\n<\/div><\/div><\/div><!-- close content main div --><\/div><\/div><\/div><div id='av-layout-grid-2'  class='av-layout-grid-container av-jmlqfz0z-3-ab09c4748a2360f12f2465b98fbe597c entry-content-wrapper main_color av-flex-cells  avia-builder-el-3  el_after_av_section  el_before_av_layout_row  grid-row-not-first  container_wrap sidebar_right'  >\n\n<style type=\"text\/css\" data-created_by=\"avia_inline_auto\" id=\"style-css-av-jmlqg6zu-2-8e04a1a41b646be5bb58d2915734d6d1\">\n.flex_cell.av-jmlqg6zu-2-8e04a1a41b646be5bb58d2915734d6d1{\nvertical-align:top;\nheight:3px;\nmin-height:3px;\nbackground-color:#004471;\n}\n.responsive #top #wrap_all .flex_cell.av-jmlqg6zu-2-8e04a1a41b646be5bb58d2915734d6d1{\npadding:0px 0px 0px 0px !important;\n}\n<\/style>\n<div class='flex_cell av-jmlqg6zu-2-8e04a1a41b646be5bb58d2915734d6d1 av-gridrow-cell av_one_full no_margin  avia-builder-el-4  avia-builder-el-no-sibling  content-align-top av-zero-padding'  ><div class='flex_cell_inner'><\/div><\/div>\n<\/div>\n<div id='av-layout-grid-3'  class='av-layout-grid-container av-psjl1-258e93d96e9c02a5a839c88bd3e094c9 entry-content-wrapper main_color av-flex-cells  avia-builder-el-5  el_after_av_layout_row  el_before_av_section  grid-row-not-first  container_wrap sidebar_right'  >\n<div class='flex_cell av-mgpjh-5fcc5c7b081a00fb5f0af6d9cd619477 av-gridrow-cell av_one_half no_margin  avia-builder-el-6  el_before_av_cell_one_half  avia-builder-el-first '  ><div class='flex_cell_inner'><\/div><\/div> <div class='flex_cell av-gx87p-6b736921aab15b7b13bf40ebf3535688 av-gridrow-cell av_one_half no_margin  avia-builder-el-7  el_after_av_cell_one_half  avia-builder-el-last '  ><div class='flex_cell_inner'><\/div><\/div>\n<\/div>\n<div id='av_section_2'  class='avia-section av-4joud-8edeeecf62d9dc252e3cf891a72477ba main_color avia-section-no-padding avia-no-border-styling  avia-builder-el-8  el_after_av_layout_row  avia-builder-el-last  avia-bg-style-scroll container_wrap sidebar_right'  ><div class='container av-section-cont-open' ><div class='template-page content  av-content-small alpha units'><div class='post-entry post-entry-type-page post-entry-149'><div class='entry-content-wrapper clearfix'>\n\n<style type=\"text\/css\" data-created_by=\"avia_inline_auto\" id=\"style-css-av-banqw-24c606baf68d87e75aa8b0f02b011ba8\">\n.flex_column.av-banqw-24c606baf68d87e75aa8b0f02b011ba8{\nborder-radius:0px 0px 0px 0px;\npadding:0px 0px 0px 0px;\n}\n<\/style>\n<div  class='flex_column av-banqw-24c606baf68d87e75aa8b0f02b011ba8 av_two_fifth  avia-builder-el-9  el_before_av_three_fifth  avia-builder-el-first  first flex_column_div av-zero-column-padding  '     ><p>\n<style type=\"text\/css\" data-created_by=\"avia_inline_auto\" id=\"style-css-av-d22yd-4181cef7d7f712bd7df553c76ae27ccb\">\n#top .av-special-heading.av-d22yd-4181cef7d7f712bd7df553c76ae27ccb{\npadding-bottom:0;\nfont-size:35px;\n}\nbody .av-special-heading.av-d22yd-4181cef7d7f712bd7df553c76ae27ccb .av-special-heading-tag .heading-char{\nfont-size:25px;\n}\n#top #wrap_all .av-special-heading.av-d22yd-4181cef7d7f712bd7df553c76ae27ccb .av-special-heading-tag{\nfont-size:35px;\n}\n.av-special-heading.av-d22yd-4181cef7d7f712bd7df553c76ae27ccb .av-subheading{\nfont-size:15px;\n}\n\n@media only screen and (min-width: 480px) and (max-width: 767px){ \n#top #wrap_all .av-special-heading.av-d22yd-4181cef7d7f712bd7df553c76ae27ccb .av-special-heading-tag{\nfont-size:0.8em;\n}\n}\n\n@media only screen and (max-width: 479px){ \n#top #wrap_all .av-special-heading.av-d22yd-4181cef7d7f712bd7df553c76ae27ccb .av-special-heading-tag{\nfont-size:0.8em;\n}\n}\n<\/style>\n<div  class='av-special-heading av-d22yd-4181cef7d7f712bd7df553c76ae27ccb av-special-heading-h1 blockquote modern-quote  avia-builder-el-10  el_before_av_heading  avia-builder-el-first  av-inherit-size'><h1 class='av-special-heading-tag '  itemprop=\"headline\"  >KONTAKT<\/h1><div class=\"special-heading-border\"><div class=\"special-heading-inner-border\"><\/div><\/div><\/div><br \/>\n\n<style type=\"text\/css\" data-created_by=\"avia_inline_auto\" id=\"style-css-av-9pmj9-f4726ac08b3422c9647e513949eff4f0\">\n#top .av-special-heading.av-9pmj9-f4726ac08b3422c9647e513949eff4f0{\npadding-bottom:0;\nfont-size:16px;\n}\nbody .av-special-heading.av-9pmj9-f4726ac08b3422c9647e513949eff4f0 .av-special-heading-tag .heading-char{\nfont-size:25px;\n}\n#top #wrap_all .av-special-heading.av-9pmj9-f4726ac08b3422c9647e513949eff4f0 .av-special-heading-tag{\nfont-size:16px;\n}\n.av-special-heading.av-9pmj9-f4726ac08b3422c9647e513949eff4f0 .av-subheading{\nfont-size:15px;\n}\n\n@media only screen and (min-width: 480px) and (max-width: 767px){ \n#top #wrap_all .av-special-heading.av-9pmj9-f4726ac08b3422c9647e513949eff4f0 .av-special-heading-tag{\nfont-size:0.8em;\n}\n}\n\n@media only screen and (max-width: 479px){ \n#top #wrap_all .av-special-heading.av-9pmj9-f4726ac08b3422c9647e513949eff4f0 .av-special-heading-tag{\nfont-size:0.8em;\n}\n}\n<\/style>\n<div  class='av-special-heading av-9pmj9-f4726ac08b3422c9647e513949eff4f0 av-special-heading-h2 blockquote modern-quote  avia-builder-el-11  el_after_av_heading  el_before_av_textblock  av-inherit-size av-linked-heading'><h2 class='av-special-heading-tag '  itemprop=\"headline\"  >Die Kanzlei SZLEPER | HENRY | NAUMANN steht f\u00fcr Anfragen und ein kurzfristiges pers\u00f6nliches Gespr\u00e4ch gerne zu Ihrer Verf\u00fcgung.<\/h2><div class=\"special-heading-border\"><div class=\"special-heading-inner-border\"><\/div><\/div><\/div><br \/>\n<section  class='av_textblock_section av-jmugcy7t-a78d737cc9af7b705973c2cfc791a324 '   itemscope=\"itemscope\" itemtype=\"https:\/\/schema.org\/CreativeWork\" ><div class='avia_textblock'  itemprop=\"text\" ><p>Wir sind zu den \u00fcblichen Gesch\u00e4ftszeiten erreichbar.<\/p>\n<p>T\u00e9l. +33 1 56 88 28 28 \/ Fax. +33 1 56 88 28 29<\/p>\n<\/div><\/section><\/p><\/div>\n<style type=\"text\/css\" data-created_by=\"avia_inline_auto\" id=\"style-css-av-banqw-1-2ea706441beda1325792f787dc9ca4e5\">\n.flex_column.av-banqw-1-2ea706441beda1325792f787dc9ca4e5{\nborder-radius:0px 0px 0px 0px;\npadding:10px 0px 0px 0px;\n}\n<\/style>\n<div  class='flex_column av-banqw-1-2ea706441beda1325792f787dc9ca4e5 av_three_fifth  avia-builder-el-13  el_after_av_two_fifth  el_before_av_hr  flex_column_div  '     ><form action=\"https:\/\/shna.law\/de\/kontakt\/\" method=\"post\" data-fields-with-error=\"Fehler wurden in folgenden Feld(ern) gefunden:\" class=\"avia_ajax_form av-form-labels-visible   avia-builder-el-14  avia-builder-el-no-sibling   \" data-avia-form-id=\"1\" data-avia-redirect='' ><h3 class=''>Schicken Sie uns eine Nachricht<\/h3><fieldset><p class='  first_form  form_element form_element_half' id='element_avia_1_1'><label for=\"avia_1_1\">Name <abbr class=\"required\" title=\"ben\u00f6tigt\">*<\/abbr><\/label> <input name=\"avia_1_1\" class=\"text_input is_empty\" type=\"text\" id=\"avia_1_1\" value=\"\" \/><\/p><p class='  form_element form_element_half' id='element_avia_2_1'><label for=\"avia_2_1\">E-Mail-Adresse <abbr class=\"required\" title=\"ben\u00f6tigt\">*<\/abbr><\/label> <input name=\"avia_2_1\" class=\"text_input is_email\" type=\"text\" id=\"avia_2_1\" value=\"\" \/><\/p><p class='  first_form  form_element form_fullwidth' id='element_avia_3_1'><label for=\"avia_3_1\">Telefon<\/label> <input name=\"avia_3_1\" class=\"text_input \" type=\"text\" id=\"avia_3_1\" value=\"\" \/><\/p><p class='  first_form  form_element form_fullwidth' id='element_avia_4_1'><label for=\"avia_4_1\" class=\"textare_label hidden textare_label_avia_4_1\">Nachricht <abbr class=\"required\" title=\"ben\u00f6tigt\">*<\/abbr><\/label><textarea  name=\"avia_4_1\" class=\"text_area is_empty\" cols=\"40\" rows=\"7\" id=\"avia_4_1\" ><\/textarea><\/p><p class=\"hidden\"><input type=\"text\" name=\"avia_5_1\" class=\"hidden \" id=\"avia_5_1\" value=\"\" \/><\/p><p class='   form_element form_fullwidth av-last-visible-form-element' id='element_avia_6_1'><span class='value_verifier_label'>3 + 1 = ?<\/span><input name=\"avia_6_1_verifier\" type=\"hidden\" id=\"avia_6_1_verifier\" value=\"318842764\"\/><label for=\"avia_6_1\">Bitte l\u00f6se die Gleichung. Diese Ma\u00dfnahme dient der Abwehr von Spam <abbr class=\"required\" title=\"ben\u00f6tigt\">*<\/abbr><\/label><input name=\"avia_6_1\" class=\"text_input captcha\" type=\"text\" id=\"avia_6_1\" value=\"\"\/><\/p><p class=' av_form_privacy_check av_contact_privacy_check first_form  form_element form_fullwidth' id='element_avia_7_1'><input  name=\"avia_7_1\" class=\"input_checkbox is_empty\" type=\"checkbox\" id=\"avia_7_1\" value=\"true\"\/><label class=\"input_checkbox_label\" for=\"avia_7_1\">En cochant cette case, je confirme avoir lu et accept\u00e9 <a href='https:\/\/shna.law\/politique-de-confidentialite\/' target='_blank'> la politique de confidentialit\u00e9 <\/a> de ce site.\n <abbr class=\"required\" title=\"ben\u00f6tigt\">*<\/abbr><\/label><\/p><p class=\"form_element \"><input type=\"hidden\" value=\"1\" name=\"avia_generated_form1\" \/><input type=\"submit\" value=\"Sendet\" class=\"button\"  data-sending-label=\"Sende\"\/><\/p><\/fieldset><\/form><div id=\"ajaxresponse_1\" class=\"ajaxresponse ajaxresponse_1 hidden\"><\/div><\/div>\n<style type=\"text\/css\" data-created_by=\"avia_inline_auto\" id=\"style-css-av-jmug7ndy-be280c4128dd9a2b9239a431b21945d8\">\n#top .hr.hr-invisible.av-jmug7ndy-be280c4128dd9a2b9239a431b21945d8{\nheight:50px;\n}\n<\/style>\n<div  class='hr av-jmug7ndy-be280c4128dd9a2b9239a431b21945d8 hr-invisible  avia-builder-el-15  el_after_av_three_fifth  avia-builder-el-last '><span class='hr-inner '><span class=\"hr-inner-style\"><\/span><\/span><\/div>\n<\/div><\/div><\/div><!-- close content main div --><\/div><\/div><div id='after_section_2'  class='main_color av_default_container_wrap container_wrap sidebar_right'  ><div class='container av-section-cont-open' ><div class='template-page content  av-content-small alpha units'><div class='post-entry post-entry-type-page post-entry-149'><div class='entry-content-wrapper clearfix'>\n","protected":false},"excerpt":{"rendered":"","protected":false},"author":1,"featured_media":0,"parent":0,"menu_order":0,"comment_status":"closed","ping_status":"closed","template":"","meta":{"footnotes":""},"class_list":["post-149","page","type-page","status-publish","hentry"],"yoast_head":"<!-- This site is optimized with the Yoast SEO plugin v27.5 - https:\/\/yoast.com\/product\/yoast-seo-wordpress\/ -->\n<title>KONTAKT - SZLEPER | HENRY | NAUMANN Avocats<\/title>\n<meta name=\"robots\" content=\"index, follow, max-snippet:-1, max-image-preview:large, max-video-preview:-1\" \/>\n<link rel=\"canonical\" href=\"https:\/\/shna.law\/de\/kontakt\/\" \/>\n<script type=\"application\/ld+json\" class=\"yoast-schema-graph\">{\"@context\":\"https:\\\/\\\/schema.org\",\"@graph\":[{\"@type\":\"WebPage\",\"@id\":\"https:\\\/\\\/shna.law\\\/de\\\/kontakt\\\/\",\"url\":\"https:\\\/\\\/shna.law\\\/de\\\/kontakt\\\/\",\"name\":\"KONTAKT - SZLEPER | HENRY | NAUMANN Avocats\",\"isPartOf\":{\"@id\":\"https:\\\/\\\/shna.law\\\/#website\"},\"datePublished\":\"2019-01-28T09:18:46+00:00\",\"dateModified\":\"2024-10-09T12:44:18+00:00\",\"inLanguage\":\"de\",\"potentialAction\":[{\"@type\":\"ReadAction\",\"target\":[\"https:\\\/\\\/shna.law\\\/de\\\/kontakt\\\/\"]}]},{\"@type\":\"WebSite\",\"@id\":\"https:\\\/\\\/shna.law\\\/#website\",\"url\":\"https:\\\/\\\/shna.law\\\/\",\"name\":\"SZLEPER | HENRY | NAUMANN Avocats\",\"description\":\"Propri\u00e9t\u00e9 industrielle et intellectuelle\",\"publisher\":{\"@id\":\"https:\\\/\\\/shna.law\\\/#organization\"},\"potentialAction\":[{\"@type\":\"SearchAction\",\"target\":{\"@type\":\"EntryPoint\",\"urlTemplate\":\"https:\\\/\\\/shna.law\\\/?s={search_term_string}\"},\"query-input\":{\"@type\":\"PropertyValueSpecification\",\"valueRequired\":true,\"valueName\":\"search_term_string\"}}],\"inLanguage\":\"de\"},{\"@type\":\"Organization\",\"@id\":\"https:\\\/\\\/shna.law\\\/#organization\",\"name\":\"SZLEPER | HENRY | NAUMANN Avocats\",\"url\":\"https:\\\/\\\/shna.law\\\/\",\"logo\":{\"@type\":\"ImageObject\",\"inLanguage\":\"de\",\"@id\":\"https:\\\/\\\/shna.law\\\/#\\\/schema\\\/logo\\\/image\\\/\",\"url\":\"https:\\\/\\\/shna.law\\\/wp-content\\\/uploads\\\/2023\\\/02\\\/SZLEPER-HENRY-NAUMANN-AVOCATS-1.png\",\"contentUrl\":\"https:\\\/\\\/shna.law\\\/wp-content\\\/uploads\\\/2023\\\/02\\\/SZLEPER-HENRY-NAUMANN-AVOCATS-1.png\",\"width\":350,\"height\":350,\"caption\":\"SZLEPER | HENRY | NAUMANN Avocats\"},\"image\":{\"@id\":\"https:\\\/\\\/shna.law\\\/#\\\/schema\\\/logo\\\/image\\\/\"}}]}<\/script>\n<!-- \/ Yoast SEO plugin. -->","yoast_head_json":{"title":"KONTAKT - SZLEPER | HENRY | NAUMANN Avocats","robots":{"index":"index","follow":"follow","max-snippet":"max-snippet:-1","max-image-preview":"max-image-preview:large","max-video-preview":"max-video-preview:-1"},"canonical":"https:\/\/shna.law\/de\/kontakt\/","schema":{"@context":"https:\/\/schema.org","@graph":[{"@type":"WebPage","@id":"https:\/\/shna.law\/de\/kontakt\/","url":"https:\/\/shna.law\/de\/kontakt\/","name":"KONTAKT - SZLEPER | HENRY | NAUMANN Avocats","isPartOf":{"@id":"https:\/\/shna.law\/#website"},"datePublished":"2019-01-28T09:18:46+00:00","dateModified":"2024-10-09T12:44:18+00:00","inLanguage":"de","potentialAction":[{"@type":"ReadAction","target":["https:\/\/shna.law\/de\/kontakt\/"]}]},{"@type":"WebSite","@id":"https:\/\/shna.law\/#website","url":"https:\/\/shna.law\/","name":"SZLEPER | HENRY | NAUMANN Avocats","description":"Propri\u00e9t\u00e9 industrielle et intellectuelle","publisher":{"@id":"https:\/\/shna.law\/#organization"},"potentialAction":[{"@type":"SearchAction","target":{"@type":"EntryPoint","urlTemplate":"https:\/\/shna.law\/?s={search_term_string}"},"query-input":{"@type":"PropertyValueSpecification","valueRequired":true,"valueName":"search_term_string"}}],"inLanguage":"de"},{"@type":"Organization","@id":"https:\/\/shna.law\/#organization","name":"SZLEPER | HENRY | NAUMANN Avocats","url":"https:\/\/shna.law\/","logo":{"@type":"ImageObject","inLanguage":"de","@id":"https:\/\/shna.law\/#\/schema\/logo\/image\/","url":"https:\/\/shna.law\/wp-content\/uploads\/2023\/02\/SZLEPER-HENRY-NAUMANN-AVOCATS-1.png","contentUrl":"https:\/\/shna.law\/wp-content\/uploads\/2023\/02\/SZLEPER-HENRY-NAUMANN-AVOCATS-1.png","width":350,"height":350,"caption":"SZLEPER | HENRY | NAUMANN Avocats"},"image":{"@id":"https:\/\/shna.law\/#\/schema\/logo\/image\/"}}]}},"_links":{"self":[{"href":"https:\/\/shna.law\/de\/wp-json\/wp\/v2\/pages\/149","targetHints":{"allow":["GET"]}}],"collection":[{"href":"https:\/\/shna.law\/de\/wp-json\/wp\/v2\/pages"}],"about":[{"href":"https:\/\/shna.law\/de\/wp-json\/wp\/v2\/types\/page"}],"author":[{"embeddable":true,"href":"https:\/\/shna.law\/de\/wp-json\/wp\/v2\/users\/1"}],"replies":[{"embeddable":true,"href":"https:\/\/shna.law\/de\/wp-json\/wp\/v2\/comments?post=149"}],"version-history":[{"count":1,"href":"https:\/\/shna.law\/de\/wp-json\/wp\/v2\/pages\/149\/revisions"}],"predecessor-version":[{"id":1110,"href":"https:\/\/shna.law\/de\/wp-json\/wp\/v2\/pages\/149\/revisions\/1110"}],"wp:attachment":[{"href":"https:\/\/shna.law\/de\/wp-json\/wp\/v2\/media?parent=149"}],"curies":[{"name":"wp","href":"https:\/\/api.w.org\/{rel}","templated":true}]}}